{"id":8160,"date":"2020-03-06T15:42:05","date_gmt":"2020-03-06T15:42:05","guid":{"rendered":"https:\/\/demo.goodlayers.com\/chariti\/demo1\/?page_id=8160"},"modified":"2024-03-12T12:16:21","modified_gmt":"2024-03-12T15:16:21","slug":"politica-de-privacidad-2","status":"publish","type":"page","link":"https:\/\/www.ebi.cl\/?page_id=8160","title":{"rendered":"Pol\u00edtica de Privacidad"},"content":{"rendered":"\n<p><strong>Quienes somos<\/strong><\/p>\n\n\n\n<p>La direcci\u00f3n de nuestro sitio web es: <a href=\"https:\/\/ebi.cl\/\">Ingenier\u00eda para Inteligencia de Negocios<\/a><\/p>\n\n\n\n<p><strong>Qu\u00e9 datos personales recopilamos y por qu\u00e9 los recopilamos<\/strong><\/p>\n\n\n\n<p><strong>Comentarios<\/strong><\/p>\n\n\n\n<p>Cuando los visitantes dejan comentarios en el sitio, recopilamos los datos que se muestran en el formulario de comentarios, y tambi\u00e9n la direcci\u00f3n IP del visitante y la cadena de agente de usuario del navegador para ayudar a la detecci\u00f3n de spam.<\/p>\n\n\n\n<p>Es posible que se proporcione una cadena an\u00f3nima creada a partir de su direcci\u00f3n de correo electr\u00f3nico (tambi\u00e9n llamada hash) al servicio Gravatar para ver si la est\u00e1 utilizando. La pol\u00edtica de privacidad del servicio Gravatar est\u00e1 disponible aqu\u00ed: https:\/\/automattic.com\/privacy\/. Despu\u00e9s de la aprobaci\u00f3n de su comentario, su foto de perfil es visible para el p\u00fablico en el contexto de su comentario.<\/p>\n\n\n\n<p><strong>Medios de comunicaci\u00f3n<\/strong><\/p>\n\n\n\n<p>Si subes im\u00e1genes al sitio web, debes evitar subir im\u00e1genes con datos de ubicaci\u00f3n incrustados (EXIF GPS) incluidos. Los visitantes del sitio web pueden descargar y extraer cualquier dato de ubicaci\u00f3n de las im\u00e1genes del sitio web.<\/p>\n\n\n\n<p><strong>Formularios de contacto<\/strong><\/p>\n\n\n\n<p><strong>Cookies<\/strong><\/p>\n\n\n\n<p>Si deja un comentario en nuestro sitio, puede optar por guardar su nombre, direcci\u00f3n de correo electr\u00f3nico y sitio web en cookies. Esto es para tu comodidad para que no tengas que volver a completar tus datos cuando dejes otro comentario. Estas cookies tendr\u00e1n una duraci\u00f3n de un a\u00f1o.<\/p>\n\n\n\n<p>Si visita nuestra p\u00e1gina de inicio de sesi\u00f3n, configuraremos una cookie temporal para determinar si su navegador acepta cookies. Esta cookie no contiene datos personales y se descarta al cerrar el navegador.<\/p>\n\n\n\n<p>Cuando inicie sesi\u00f3n, tambi\u00e9n configuraremos varias cookies para guardar su informaci\u00f3n de inicio de sesi\u00f3n y sus opciones de visualizaci\u00f3n de pantalla. Las cookies de inicio de sesi\u00f3n duran dos d\u00edas y las cookies de opciones de pantalla duran un a\u00f1o. Si selecciona &#8220;Recordarme&#8221;, su inicio de sesi\u00f3n persistir\u00e1 durante dos semanas. Si cierra sesi\u00f3n en su cuenta, se eliminar\u00e1n las cookies de inicio de sesi\u00f3n.<\/p>\n\n\n\n<p>Si edita o publica un art\u00edculo, se guardar\u00e1 una cookie adicional en su navegador. Esta cookie no incluye datos personales y simplemente indica el ID de la publicaci\u00f3n del art\u00edculo que acaba de editar. Caduca despu\u00e9s de 1 d\u00eda.<\/p>\n\n\n\n<p><strong>Contenido incrustado de otros sitios web<\/strong><\/p>\n\n\n\n<p>Los art\u00edculos de este sitio pueden incluir contenido incrustado (por ejemplo, v\u00eddeos, im\u00e1genes, art\u00edculos, etc.). El contenido incrustado de otros sitios web se comporta exactamente de la misma manera que si el visitante hubiera visitado el otro sitio web.<\/p>\n\n\n\n<p>Estos sitios web pueden recopilar datos sobre usted, utilizar cookies, incorporar seguimiento adicional de terceros y monitorear su interacci\u00f3n con ese contenido incrustado, incluido el seguimiento de su interacci\u00f3n con el contenido incrustado si tiene una cuenta y ha iniciado sesi\u00f3n en ese sitio web.<\/p>\n\n\n\n<p><strong>Anal\u00edtica<\/strong><\/p>\n\n\n\n<p><strong>Con qui\u00e9n compartimos tus datos<\/strong><\/p>\n\n\n\n<p><strong>Cu\u00e1nto tiempo conservamos tus datos<\/strong><\/p>\n\n\n\n<p>Si deja un comentario, el comentario y sus metadatos se conservan indefinidamente. Esto es para que podamos reconocer y aprobar cualquier comentario de seguimiento autom\u00e1ticamente en lugar de mantenerlos en una cola de moderaci\u00f3n.<\/p>\n\n\n\n<p>Para los usuarios que se registran en nuestro sitio web (si los hay), tambi\u00e9n almacenamos la informaci\u00f3n personal que proporcionan en su perfil de usuario. Todos los usuarios pueden ver, editar o eliminar su informaci\u00f3n personal en cualquier momento (excepto que no pueden cambiar su nombre de usuario). Los administradores del sitio web tambi\u00e9n pueden ver y editar esa informaci\u00f3n.<\/p>\n\n\n\n<p><strong>Qu\u00e9 derechos tienes sobre tus datos<\/strong><\/p>\n\n\n\n<p>Si tiene una cuenta en este sitio, o ha dejado comentarios, puede solicitar recibir un archivo exportado de los datos personales que tenemos sobre usted, incluidos los datos que nos haya proporcionado. Tambi\u00e9n puede solicitar que borremos cualquier dato personal que tengamos sobre usted. Esto no incluye ning\u00fan dato que estemos obligados a conservar con multas administrativas, legales o de seguridad.<\/p>\n\n\n\n<p><strong>D\u00f3nde enviamos tus datos<\/strong><\/p>\n\n\n\n<p>Los comentarios de los visitantes pueden ser revisados a trav\u00e9s de un servicio automatizado de detecci\u00f3n de spam.<\/p>\n\n\n\n<p><strong>Tu informaci\u00f3n de contacto<\/strong><\/p>\n\n\n\n<p>La informaci\u00f3n de contacto que comparte en nuestra p\u00e1gina web es usada para enviar informaci\u00f3n relevante relacionada con los servicios solicitados, de ninguna manera usamos sus datos con fines comerciales para externos, todos los datos son administrados por nuestra empresa a fin de garantizar una experiencia de usuario mas gratificante.<\/p>\n\n\n\n<p><strong>Informaci\u00f3n adicional<\/strong><\/p>\n\n\n\n<p><strong>C\u00f3mo protegemos sus datos<\/strong><\/p>\n\n\n\n<p>Nuestra empresa goza de una infraestructura de seguridad inform\u00e1tica lo suficientemente herm\u00e9tica para garantizar la protecci\u00f3n de todos sus activos digitales, toda nuestra informaci\u00f3n permanece encriptada para evitar las amenazas de los ciberdelincuentes.<\/p>\n\n\n\n<p><strong>\u00bfQu\u00e9 procedimientos de violaci\u00f3n de datos tenemos implementados?<\/strong><\/p>\n\n\n\n<p>Nuestros sistemas de alerta contra la intrusi\u00f3n a\u00edslan las amenazas gracias a la prevenci\u00f3n proactiva de antivirus y otros sistemas de aislamiento inform\u00e1tico levantados contra incidencias de este tipo.<\/p>\n\n\n\n<p><strong>De qu\u00e9 terceros recibimos datos<\/strong><\/p>\n\n\n\n<p>Google, Facebook, Instagram y redes sociales en general dispuestas para nuestras estrategias de comunicaci\u00f3n interna. <\/p>\n\n\n\n<p><strong>Qu\u00e9 toma de decisiones automatizada y\/o elaboraci\u00f3n de perfiles hacemos con los datos del usuario<\/strong><\/p>\n\n\n\n<p>Perfil del usuario dentro de nuestra p\u00e1gina web, perfil del usuario en base de datos para Emails.<\/p>\n\n\n\n<figure class=\"wp-block-image size-full\"><img fetchpriority=\"high\" decoding=\"async\" width=\"901\" height=\"319\" src=\"https:\/\/ebi.cl\/wp-content\/uploads\/2024\/02\/EBIhorRGB.png\" alt=\"\" class=\"wp-image-13253\" srcset=\"https:\/\/www.ebi.cl\/wp-content\/uploads\/2024\/02\/EBIhorRGB.png 901w, https:\/\/www.ebi.cl\/wp-content\/uploads\/2024\/02\/EBIhorRGB-300x106.png 300w, https:\/\/www.ebi.cl\/wp-content\/uploads\/2024\/02\/EBIhorRGB-768x272.png 768w\" sizes=\"(max-width: 901px) 100vw, 901px\" \/><\/figure>\n","protected":false},"excerpt":{"rendered":"<p>Quienes somos La direcci\u00f3n de nuestro sitio web es: Ingenier\u00eda para Inteligencia de Negocios Qu\u00e9 datos personales recopilamos y por qu\u00e9 los recopilamos Comentarios Cuando los visitantes dejan comentarios en el sitio, recopilamos los datos que se muestran en el formulario de comentarios, y tambi\u00e9n la direcci\u00f3n IP del visitante y la cadena de agente de usuario del navegador para ayudar a la detecci\u00f3n de spam. Es posible que se proporcione una cadena an\u00f3nima creada a partir de su direcci\u00f3n de correo electr\u00f3nico (tambi\u00e9n llamada hash) al servicio Gravatar para ver si la est\u00e1 utilizando. La pol\u00edtica de privacidad del servicio Gravatar est\u00e1 disponible aqu\u00ed: https:\/\/automattic.com\/privacy\/. Despu\u00e9s de la aprobaci\u00f3n de su comentario, su foto de perfil es visible para el p\u00fablico en el contexto de su comentario. Medios de comunicaci\u00f3n Si subes im\u00e1genes al sitio web, debes evitar subir im\u00e1genes con datos de ubicaci\u00f3n incrustados (EXIF GPS) incluidos. Los visitantes del sitio web pueden descargar y extraer cualquier dato de ubicaci\u00f3n de las im\u00e1genes del sitio web. Formularios de contacto Cookies Si deja un comentario en nuestro sitio, puede optar por guardar su nombre, direcci\u00f3n de correo electr\u00f3nico y sitio web en cookies. Esto es para tu comodidad para que no tengas que volver a completar tus datos cuando dejes otro comentario. Estas cookies tendr\u00e1n una duraci\u00f3n de un a\u00f1o. Si visita nuestra p\u00e1gina de inicio de sesi\u00f3n, configuraremos una cookie temporal para determinar si su navegador acepta cookies. Esta cookie no contiene datos personales y se descarta al cerrar el navegador. Cuando inicie sesi\u00f3n, tambi\u00e9n configuraremos varias cookies para guardar su informaci\u00f3n de inicio de sesi\u00f3n y sus opciones de visualizaci\u00f3n de pantalla. Las cookies de inicio de sesi\u00f3n duran dos d\u00edas y las cookies de opciones de pantalla duran un a\u00f1o. Si selecciona &#8220;Recordarme&#8221;, su inicio de sesi\u00f3n persistir\u00e1 durante dos semanas. Si cierra sesi\u00f3n en su cuenta, se eliminar\u00e1n las cookies de inicio de sesi\u00f3n. Si edita o publica un art\u00edculo, se guardar\u00e1 una cookie adicional en su navegador. Esta cookie no incluye datos personales y simplemente indica el ID de la publicaci\u00f3n del art\u00edculo que acaba de editar. Caduca despu\u00e9s de 1 d\u00eda. Contenido incrustado de otros sitios web Los art\u00edculos de este sitio pueden incluir contenido incrustado (por ejemplo, v\u00eddeos, im\u00e1genes, art\u00edculos, etc.). El contenido incrustado de otros sitios web se comporta exactamente de la misma manera que si el visitante hubiera visitado el otro sitio web. Estos sitios web pueden recopilar datos sobre usted, utilizar cookies, incorporar seguimiento adicional de terceros y monitorear su interacci\u00f3n con ese contenido incrustado, incluido el seguimiento de su interacci\u00f3n con el contenido incrustado si tiene una cuenta y ha iniciado sesi\u00f3n en ese sitio web. Anal\u00edtica Con qui\u00e9n compartimos tus datos Cu\u00e1nto tiempo conservamos tus datos Si deja un comentario, el comentario y sus metadatos se conservan indefinidamente. Esto es para que podamos reconocer y aprobar cualquier comentario de seguimiento autom\u00e1ticamente en lugar de mantenerlos en una cola de moderaci\u00f3n. Para los usuarios que se registran en nuestro sitio web (si los hay), tambi\u00e9n almacenamos la informaci\u00f3n personal que proporcionan en su perfil de usuario. Todos los usuarios pueden ver, editar o eliminar su informaci\u00f3n personal en cualquier momento (excepto que no pueden cambiar su nombre de usuario). Los administradores del sitio web tambi\u00e9n pueden ver y editar esa informaci\u00f3n. Qu\u00e9 derechos tienes sobre tus datos Si tiene una cuenta en este sitio, o ha dejado comentarios, puede solicitar recibir un archivo exportado de los datos personales que tenemos sobre usted, incluidos los datos que nos haya proporcionado. Tambi\u00e9n puede solicitar que borremos cualquier dato personal que tengamos sobre usted. Esto no incluye ning\u00fan dato que estemos obligados a conservar con multas administrativas, legales o de seguridad. D\u00f3nde enviamos tus datos Los comentarios de los visitantes pueden ser revisados a trav\u00e9s de un servicio automatizado de detecci\u00f3n de spam. Tu informaci\u00f3n de contacto La informaci\u00f3n de contacto que comparte en nuestra p\u00e1gina web es usada para enviar informaci\u00f3n relevante relacionada con los servicios solicitados, de ninguna manera usamos sus datos con fines comerciales para externos, todos los datos son administrados por nuestra empresa a fin de garantizar una experiencia de usuario mas gratificante. Informaci\u00f3n adicional C\u00f3mo protegemos sus datos Nuestra empresa goza de una infraestructura de seguridad inform\u00e1tica lo suficientemente herm\u00e9tica para garantizar la protecci\u00f3n de todos sus activos digitales, toda nuestra informaci\u00f3n permanece encriptada para evitar las amenazas de los ciberdelincuentes. \u00bfQu\u00e9 procedimientos de violaci\u00f3n de datos tenemos implementados? Nuestros sistemas de alerta contra la intrusi\u00f3n a\u00edslan las amenazas gracias a la prevenci\u00f3n proactiva de antivirus y otros sistemas de aislamiento inform\u00e1tico levantados contra incidencias de este tipo. De qu\u00e9 terceros recibimos datos Google, Facebook, Instagram y redes sociales en general dispuestas para nuestras estrategias de comunicaci\u00f3n interna. Qu\u00e9 toma de decisiones automatizada y\/o elaboraci\u00f3n de perfiles hacemos con los datos del usuario Perfil del usuario dentro de nuestra p\u00e1gina web, perfil del usuario en base de datos para Emails.<\/p>\n","protected":false},"author":1,"featured_media":0,"parent":0,"menu_order":0,"comment_status":"closed","ping_status":"closed","template":"","meta":{"footnotes":""},"class_list":["post-8160","page","type-page","status-publish","hentry"],"_links":{"self":[{"href":"https:\/\/www.ebi.cl\/index.php?rest_route=\/wp\/v2\/pages\/8160","targetHints":{"allow":["GET"]}}],"collection":[{"href":"https:\/\/www.ebi.cl\/index.php?rest_route=\/wp\/v2\/pages"}],"about":[{"href":"https:\/\/www.ebi.cl\/index.php?rest_route=\/wp\/v2\/types\/page"}],"author":[{"embeddable":true,"href":"https:\/\/www.ebi.cl\/index.php?rest_route=\/wp\/v2\/users\/1"}],"replies":[{"embeddable":true,"href":"https:\/\/www.ebi.cl\/index.php?rest_route=%2Fwp%2Fv2%2Fcomments&post=8160"}],"version-history":[{"count":5,"href":"https:\/\/www.ebi.cl\/index.php?rest_route=\/wp\/v2\/pages\/8160\/revisions"}],"predecessor-version":[{"id":13501,"href":"https:\/\/www.ebi.cl\/index.php?rest_route=\/wp\/v2\/pages\/8160\/revisions\/13501"}],"wp:attachment":[{"href":"https:\/\/www.ebi.cl\/index.php?rest_route=%2Fwp%2Fv2%2Fmedia&parent=8160"}],"curies":[{"name":"wp","href":"https:\/\/api.w.org\/{rel}","templated":true}]}}